{"id":19,"date":"2021-11-15T20:38:51","date_gmt":"2021-11-15T20:38:51","guid":{"rendered":"https:\/\/i-trade.info\/index.php\/mesmerize\/"},"modified":"2025-06-30T21:48:40","modified_gmt":"2025-06-30T21:48:40","slug":"mesmerize","status":"publish","type":"page","link":"https:\/\/i-trade.info\/","title":{"rendered":"Startseite"},"content":{"rendered":"<div id=\"features-2\" class=\"features-ov-4-mc content-section content-section-spacing\" style=\"background-color: #ffffff;\" data-label=\"Features\" data-id=\"features-ov-4-mc\" data-export-id=\"features-ov-4-mc\" data-category=\"features\">\n<div class=\"gridContainer\">\n<div class=\"row spaced-cols text-center\" data-type=\"row\">\n<div class=\"col-xs-12 col-sm-4 col-padding\">\u00a0<\/div>\n<\/div>\n<\/div>\n<\/div>\n<div id=\"portfolio-1\" class=\"portfolio-5-mc content-section content-section-spacing section-title-col-white-text bg-color1\" data-label=\"Portfolio\" data-id=\"portfolio-5-mc\" data-export-id=\"portfolio-5-mc\" data-bullets-visibility=\"true\" data-category=\"portfolio\">\n<div class=\"gridContainer\">\n<div class=\"row space-bottom spaced-cols\" data-type=\"row\">\n<div class=\"col-xs-12 col-sm-4 text-center\">\n<div class=\"card no-padding bordered\">\n<div class=\"col-xs-12\">\n<div class=\"space-bottom space-top\" data-type=\"column\">\n<h1 style=\"background: #F3F6FB;\"><img loading=\"lazy\" decoding=\"async\" class=\"alignnone size-medium wp-image-116\" src=\"https:\/\/i-trade.info\/wp-content\/uploads\/2025\/06\/cropped-w11-300x61.jpg\" alt=\"\" width=\"300\" height=\"61\" srcset=\"https:\/\/i-trade.info\/wp-content\/uploads\/2025\/06\/cropped-w11-300x61.jpg 300w, https:\/\/i-trade.info\/wp-content\/uploads\/2025\/06\/cropped-w11.jpg 420w\" sizes=\"auto, (max-width: 300px) 100vw, 300px\" \/><\/h1>\n<h1 style=\"background: #F3F6FB;\">UPGRADE USB-Stick<\/h1>\n<\/div>\n<\/div>\n<\/div>\n<\/div>\n<div class=\"col-xs-12 col-sm-4 text-center\">\n<div class=\"card no-padding bordered\">\n<div class=\"contentswap-effect contentswap-overlay\" style=\"float: none; margin: 0; width: 100%;\" data-hover-fx=\"portfolio-6\">\n<p>Schon wieder endet eine gloreiche Windows Version die zu GRABE getragen wird.<br \/>Ja wir sprechen \u00fcber das Windows 10 &#8211; war recht vielversprechend und eigentlich recht brauchbar war, doch nun soll damit Schlu\u00df sein&#8230;..<\/p>\n<p>Viele denken sich &#8211; schon wieder einen neuen Computer kaufen gehen&#8230;..<br \/>den f\u00fcr <strong>WINDOWS 11 werden hoche Computer-Anforderungen gestellt.<\/strong><br \/>Wir haben die einfache L\u00f6sung f\u00fcr Ihr Problem vor allem wenn es Computer betriefft die alter als 3 Jahre sind.<br \/>Selbst bei j\u00fcngeren kann es sein das ein Upgrade NICHT einfach so m\u00f6glich ist.<\/p>\n<p>Wir hatten vor wenigen Tagen das selbe Problem und konnten das f\u00fcr unsere Computer selber umsetzen und haben sogar einen zehn Jahre Alten Computer auf Windows 11 umgestellt. Aus dieser Computer war nicht mehr Windws 11 tauglich nicht einmal der Prozessor gescheige das Motherboard.<\/p>\n<p>Nach langer recherche konnten wir das Problem beheben und stellen Ihnen unser Wissen nun zur Verf\u00fcgung.<br \/><strong>JA<\/strong> <strong>*WINDOWS11*<\/strong> ist wieder greifbar geworden.<\/p>\n<p style=\"text-align: center;\">Hier k\u00f6nnen Sie f\u00fcr Ihren Computer ein vollst\u00e4ndiges <strong>UPGRADE auf Windows 11 erwerben\u00a0<\/strong><br \/>&#8211; v\u00f6llig legal<br \/>&#8211; mit Ihrer bestehenden Seriennummer.<br \/>(keine Eingabe erforderlich)<\/p>\n<p><strong>So funktioniert es:<\/strong><br \/>USB Stick anstecken und der beigelegten Anleitung folgen und Ihr PC ist wieder auf dem neuesten Software-Stand.<br \/><strong>Sie k\u00f6nnen beliebig viele PC upgraden.<\/strong><\/p>\n<\/div>\n<\/div>\n<\/div>\n<div class=\"col-xs-12 col-sm-4 text-center\">\n<div class=\"card no-padding bordered\">\n<div class=\"contentswap-effect contentswap-overlay\" style=\"float: none; margin: 0px; width: 100%; text-align: center;\" data-hover-fx=\"portfolio-6\"><a href=\"http:\/\/shop.i-trade.info\"><strong>F\u00fcr NUR \u20ac 55 jetzt bestellen.<\/strong><\/a><\/div>\n<div class=\"col-xs-12\">\n<div class=\"space-bottom space-top\" data-type=\"column\">\u00a0<\/div>\n<\/div>\n<\/div>\n<\/div>\n<\/div>\n<\/div>\n<\/div>\n<div id=\"testimonials-1\" class=\"testimonials-5-mc content-section content-section-spacing\" style=\"background-color: #ffffff;\" data-label=\"Testimonials\" data-id=\"testimonials-5-mc\" data-export-id=\"testimonials-5-mc\" data-category=\"testimonials\">\n<div class=\"gridContainer\">\n<div class=\"row spaced-cols content-center-sm\" data-type=\"row\">\n<div class=\"col-sm-4\">\n<div class=\"card y-move bordered\" data-type=\"column\">\n<p class=\"small italic\"><strong>Leistungsumfang:<\/strong><br \/>Es wird jeder USB Stick h\u00e4ndisch vorbereitet<br \/>und beinhaltet die Versandkosten.<\/p>\n<p>Lieferzeit ca. 3 &#8211; 5 Werktage<\/p>\n<p><a href=\"http:\/\/shop.i-trade.info\"><strong>JETZT IM SHOP BESTELLEN<\/strong><\/a><\/p>\n<\/div>\n<\/div>\n<\/div>\n<\/div>\n<\/div>\n\n\n<p><\/p>\n","protected":false},"excerpt":{"rendered":"<p>\u00a0 UPGRADE USB-Stick Schon wieder endet eine gloreiche Windows Version die zu GRABE getragen wird.Ja wir sprechen \u00fcber das Windows 10 &#8211; war recht vielversprechend und eigentlich recht brauchbar war, doch nun soll damit Schlu\u00df sein&#8230;.. Viele denken sich &#8211; schon wieder einen neuen Computer kaufen gehen&#8230;..den f\u00fcr WINDOWS 11 werden hoche Computer-Anforderungen gestellt.Wir haben [&hellip;]<\/p>\n","protected":false},"author":1,"featured_media":0,"parent":0,"menu_order":0,"comment_status":"closed","ping_status":"closed","template":"","meta":{"footnotes":""},"class_list":["post-19","page","type-page","status-publish","hentry"],"aioseo_notices":[],"jetpack_sharing_enabled":true,"_links":{"self":[{"href":"https:\/\/i-trade.info\/index.php\/wp-json\/wp\/v2\/pages\/19","targetHints":{"allow":["GET"]}}],"collection":[{"href":"https:\/\/i-trade.info\/index.php\/wp-json\/wp\/v2\/pages"}],"about":[{"href":"https:\/\/i-trade.info\/index.php\/wp-json\/wp\/v2\/types\/page"}],"author":[{"embeddable":true,"href":"https:\/\/i-trade.info\/index.php\/wp-json\/wp\/v2\/users\/1"}],"replies":[{"embeddable":true,"href":"https:\/\/i-trade.info\/index.php\/wp-json\/wp\/v2\/comments?post=19"}],"version-history":[{"count":26,"href":"https:\/\/i-trade.info\/index.php\/wp-json\/wp\/v2\/pages\/19\/revisions"}],"predecessor-version":[{"id":118,"href":"https:\/\/i-trade.info\/index.php\/wp-json\/wp\/v2\/pages\/19\/revisions\/118"}],"wp:attachment":[{"href":"https:\/\/i-trade.info\/index.php\/wp-json\/wp\/v2\/media?parent=19"}],"curies":[{"name":"wp","href":"https:\/\/api.w.org\/{rel}","templated":true}]}}